{"id":9200,"date":"2023-11-25T15:39:47","date_gmt":"2023-11-25T15:39:47","guid":{"rendered":"https:\/\/www.dziadkowice.centrumnawschodzie.pl\/?page_id=9200"},"modified":"2024-01-04T14:18:38","modified_gmt":"2024-01-04T14:18:38","slug":"o-projekcie","status":"publish","type":"page","link":"https:\/\/www.historia.dziadkowice.pl\/?page_id=9200","title":{"rendered":"O projekcie"},"content":{"rendered":"\t\t<div data-elementor-type=\"wp-page\" data-elementor-id=\"9200\" class=\"elementor elementor-9200\">\n\t\t\t\t<div class=\"elementor-element elementor-element-1ecba7dc e-flex e-con-boxed e-con e-parent\" data-id=\"1ecba7dc\" data-element_type=\"container\" data-settings=\"{&quot;buzzblog_ext_is_background_parallax&quot;:&quot;false&quot;}\">\n\t\t\t\t\t<div class=\"e-con-inner\">\n\t\t\t\t<div class=\"elementor-element elementor-element-caebd44 elementor-widget elementor-widget-image\" data-id=\"caebd44\" data-element_type=\"widget\" data-settings=\"{&quot;buzzblog_ext_is_smoove&quot;:&quot;false&quot;}\" data-widget_type=\"image.default\">\n\t\t\t\t<div class=\"elementor-widget-container\">\n\t\t\t\t\t\t\t\t\t\t\t\t\t\t\t<img fetchpriority=\"high\" decoding=\"async\" width=\"800\" height=\"534\" src=\"https:\/\/www.historia.dziadkowice.pl\/wp-content\/uploads\/2024\/01\/Wolontariusze-.jpg\" class=\"attachment-large size-large wp-image-9493\" alt=\"\" srcset=\"https:\/\/www.historia.dziadkowice.pl\/wp-content\/uploads\/2024\/01\/Wolontariusze-.jpg 800w, https:\/\/www.historia.dziadkowice.pl\/wp-content\/uploads\/2024\/01\/Wolontariusze--570x380.jpg 570w, https:\/\/www.historia.dziadkowice.pl\/wp-content\/uploads\/2024\/01\/Wolontariusze--768x513.jpg 768w, https:\/\/www.historia.dziadkowice.pl\/wp-content\/uploads\/2024\/01\/Wolontariusze--636x425.jpg 636w, https:\/\/www.historia.dziadkowice.pl\/wp-content\/uploads\/2024\/01\/Wolontariusze--600x401.jpg 600w, https:\/\/www.historia.dziadkowice.pl\/wp-content\/uploads\/2024\/01\/Wolontariusze--90x60.jpg 90w, https:\/\/www.historia.dziadkowice.pl\/wp-content\/uploads\/2024\/01\/Wolontariusze--110x73.jpg 110w, https:\/\/www.historia.dziadkowice.pl\/wp-content\/uploads\/2024\/01\/Wolontariusze--320x214.jpg 320w, https:\/\/www.historia.dziadkowice.pl\/wp-content\/uploads\/2024\/01\/Wolontariusze--560x374.jpg 560w, https:\/\/www.historia.dziadkowice.pl\/wp-content\/uploads\/2024\/01\/Wolontariusze--782x522.jpg 782w\" sizes=\"(max-width: 800px) 100vw, 800px\" \/>\t\t\t\t\t\t\t\t\t\t\t\t\t\t\t<\/div>\n\t\t\t\t<\/div>\n\t\t\t\t<div class=\"elementor-element elementor-element-19ca68d elementor-widget elementor-widget-text-editor\" data-id=\"19ca68d\" data-element_type=\"widget\" data-settings=\"{&quot;buzzblog_ext_is_smoove&quot;:&quot;false&quot;}\" data-widget_type=\"text-editor.default\">\n\t\t\t\t<div class=\"elementor-widget-container\">\n\t\t\t\t\t\t\t\t\t<p><\/p>\n<p>Projekt ,,Moja Babcia Ptariotka trwa\u0142 7 miesi\u0119cy od maja do listopada 2023r. Dzia\u0142ania projektowe realizowali\u015bmy na terenie gminy Dziadkowice.<\/p>\n<p>\u00a0Realizator projektu:<\/p>\n<p>\u00a0Lokalne Centrum\u00a0Aktywno\u015bci Spo\u0142eczno-Kulturalnej w Dziadkowicach\u00a0\u00a0<\/p>\n<p><span style=\"color: var( --e-global-color-text ); font-family: var( --e-global-typography-text-font-family ), Sans-serif; font-weight: var( --e-global-typography-text-font-weight ); text-align: var(--text-align);\">Partnerzy:<\/span><\/p>\n<p><span style=\"color: var( --e-global-color-text ); font-family: var( --e-global-typography-text-font-family ), Sans-serif; font-weight: var( --e-global-typography-text-font-weight ); text-align: var(--text-align);\">\u00a0Gminna Biblioteka Publiczna w Dziadkowicach<\/span><\/p>\n<p><span style=\"color: var( --e-global-color-text ); font-family: var( --e-global-typography-text-font-family ), Sans-serif; font-weight: var( --e-global-typography-text-font-weight ); text-align: var(--text-align);\">\u00a0Gminne Ko\u0142o Go<\/span><span style=\"color: var( --e-global-color-text ); font-family: var( --e-global-typography-text-font-family ), Sans-serif; font-weight: var( --e-global-typography-text-font-weight ); text-align: var(--text-align);\">spody\u0144 Wiejskich w Dziadkowicach\u00a0<\/span><\/p>\n<p><span style=\"color: var( --e-global-color-text ); font-family: var( --e-global-typography-text-font-family ), Sans-serif; font-weight: var( --e-global-typography-text-font-weight ); text-align: var(--text-align);\">\u00a0Urz\u0105d Gminy<\/span><span style=\"color: var( --e-global-color-text ); font-family: var( --e-global-typography-text-font-family ), Sans-serif; font-weight: var( --e-global-typography-text-font-weight ); text-align: var(--text-align);\">\u00a0Dziadkowice\u00a0<\/span><\/p>\n<p><span style=\"color: var( --e-global-color-text ); font-family: var( --e-global-typography-text-font-family ), Sans-serif; font-weight: var( --e-global-typography-text-font-weight ); text-align: var(--text-align);\">\u00a0 Stowarzyszeni<\/span><span style=\"color: var( --e-global-color-text ); font-family: var( --e-global-typography-text-font-family ), Sans-serif; font-weight: var( --e-global-typography-text-font-weight ); text-align: var(--text-align);\">e Centrum na Wschodzie\u00a0<\/span><\/p>\n<p><span style=\"color: var( --e-global-color-text ); font-family: var( --e-global-typography-text-font-family ), Sans-serif; font-weight: var( --e-global-typography-text-font-weight ); text-align: var(--text-align);\">\u00a0 \u00a0 W maju mieszka\u0144cy zostali poinformowani o idei, celach projektu<\/span><span style=\"color: var( --e-global-color-text ); font-family: var( --e-global-typography-text-font-family ), Sans-serif; font-weight: var( --e-global-typography-text-font-weight ); text-align: var(--text-align);\"> i planowanych dzia\u0142aniach, mieszka\u0144cy przynosili do LCASK stare zdj\u0119cia i dokumenty. Nad dzia\u0142aniami<\/span><span style=\"color: var( --e-global-color-text ); font-family: var( --e-global-typography-text-font-family ), Sans-serif; font-weight: var( --e-global-typography-text-font-weight ); text-align: var(--text-align);\">\u00a0projektowymi pracowa\u0142o dwudziestu wolontariuszy. (10 w wieku 13-25 lat i 10 w wieku 60+).<\/span><\/p>\n<p><span style=\"color: var( --e-global-color-text ); font-family: var( --e-global-typography-text-font-family ), Sans-serif; font-weight: var( --e-global-typography-text-font-weight ); text-align: var(--text-align);\">\u00a0 \u00a0 Wolontariusze , <\/span><span style=\"color: var( --e-global-color-text ); font-family: var( --e-global-typography-text-font-family ), Sans-serif; font-weight: var( --e-global-typography-text-font-weight ); text-align: var(--text-align);\">w czerwcu wzieli udzia\u0142 w zabawie quizowa z elementami gry<\/span><span style=\"color: var( --e-global-color-text ); font-family: var( --e-global-typography-text-font-family ), Sans-serif; font-weight: var( --e-global-typography-text-font-weight ); text-align: var(--text-align);\"> terenowej. G\u0142\u00f3wnym zadaniem wolontariuszy by\u0142o gromadzeniem,<\/span><span style=\"color: var( --e-global-color-text ); font-family: var( --e-global-typography-text-font-family ), Sans-serif; font-weight: var( --e-global-typography-text-font-weight ); text-align: var(--text-align);\">\u00a0kopiowaniem, cyfryzacj\u0105 zdj\u0119\u0107 i dokument\u00f3w.<\/span><\/p>\n<p><span style=\"color: var( --e-global-color-text ); font-family: var( --e-global-typography-text-font-family ), Sans-serif; font-weight: var( --e-global-typography-text-font-weight ); text-align: var(--text-align);\">\u00a0 \u00a0 \u00a0 Przygo<\/span><span style=\"color: var( --e-global-color-text ); font-family: var( --e-global-typography-text-font-family ), Sans-serif; font-weight: var( --e-global-typography-text-font-weight ); text-align: var(--text-align);\">towanie podstawowego zbioru trwa\u0142o do ko\u0144ca lipca, ale archiwum by\u0142o uzupe\u0142niane n<\/span><span style=\"color: var( --e-global-color-text ); font-family: var( --e-global-typography-text-font-family ), Sans-serif; font-weight: var( --e-global-typography-text-font-weight ); text-align: var(--text-align);\">a bie\u017c\u0105co. W czerwcu 10 m\u0142odych wolontariuszy wzie\u0142o udzia\u0142 w 12-godz. szkoleniu dziennikarskim. Nauczyli si\u0119 jak<\/span><span style=\"color: var( --e-global-color-text ); font-family: var( --e-global-typography-text-font-family ), Sans-serif; font-weight: var( --e-global-typography-text-font-weight ); text-align: var(--text-align);\"> przygotowa\u0107 scenariusz i przeprowadzi\u0107 wywiad wok\u00f3\u0142 tematyki projektu. Po teoretycznej cz\u0119\u015bci szkolenia, ka\u017cdy uczestnik przygot<\/span><span style=\"color: var( --e-global-color-text ); font-family: var( --e-global-typography-text-font-family ), Sans-serif; font-weight: var( --e-global-typography-text-font-weight ); text-align: var(--text-align);\">owa\u0142 i przeprowadzi\u0142 w okresie lipiec-sierpie\u0144 co najmniej 1 wywiad ze \u015bwiadkiem histori<\/span><span style=\"color: var( --e-global-color-text ); font-family: var( --e-global-typography-text-font-family ), Sans-serif; font-weight: var( --e-global-typography-text-font-weight ); text-align: var(--text-align);\">i lokalnej.\u00a0<\/span><\/p>\n<p><span style=\"color: var( --e-global-color-text ); font-family: var( --e-global-typography-text-font-family ), Sans-serif; font-weight: var( --e-global-typography-text-font-weight ); text-align: var(--text-align);\">\u00a0 \u00a0 \u00a0W okresie sierpie\u0144-wrzesie\u0144 odby\u0142y si\u0119 plenerowe warsztaty plastyczne. Ka\u017cde<\/span><span style=\"color: var( --e-global-color-text ); font-family: var( --e-global-typography-text-font-family ), Sans-serif; font-weight: var( --e-global-typography-text-font-weight ); text-align: var(--text-align);\"> spotkanie 3-godzinne z udzia\u0142em 10 os\u00f3b, pod okiem instruktor<\/span><span style=\"color: var( --e-global-color-text ); font-family: var( --e-global-typography-text-font-family ), Sans-serif; font-weight: var( --e-global-typography-text-font-weight ); text-align: var(--text-align);\">a-plastyka. Uczestnikami byli mieszka\u0144cy g<\/span><span style=\"color: var( --e-global-color-text ); font-family: var( --e-global-typography-text-font-family ), Sans-serif; font-weight: var( --e-global-typography-text-font-weight ); text-align: var(--text-align);\">miny .<\/span><\/p>\n<p><span style=\"color: var( --e-global-color-text ); font-family: var( --e-global-typography-text-font-family ), Sans-serif; font-weight: var( --e-global-typography-text-font-weight ); text-align: var(--text-align);\">\u00a0 \u00a0Odby\u0142y si\u0119 warsztaty pt.<\/span><\/p>\n<p><span style=\"color: var( --e-global-color-text ); font-family: var( --e-global-typography-text-font-family ), Sans-serif; font-weight: var( --e-global-typography-text-font-weight ); text-align: var(--text-align);\">\u00a0&#8211; ,,M\u00f3j Dom\u2019<\/span><\/p>\n<p><span style=\"color: var( --e-global-color-text ); font-family: var( --e-global-typography-text-font-family ), Sans-serif; font-weight: var( --e-global-typography-text-font-weight ); text-align: var(--text-align);\">\u2019-,,Drzewko Szcz\u0119\u015bcia\u2019\u2019<\/span><\/p>\n<p><span style=\"color: var( --e-global-color-text ); font-family: var( --e-global-typography-text-font-family ), Sans-serif; font-weight: var( --e-global-typography-text-font-weight ); text-align: var(--text-align);\">\u00a0&#8211; Plener malarski\u00a0<\/span><\/p>\n<p><span style=\"color: var( --e-global-color-text ); font-family: var( --e-global-typography-text-font-family ), Sans-serif; font-weight: var( --e-global-typography-text-font-weight ); text-align: var(--text-align);\">\u00a0 \u00a0<\/span><img decoding=\"async\" class=\"alignleft wp-image-9494 size-medium lazyload\" src=\"data:image\/png;base64,iVBORw0KGgoAAAANSUhEUgAAAHoAAAB6CAQAAADaUI9vAAAAi0lEQVR42u3PAQEAAAABIP6fNkQ9qDlUaWlpaWlpaWlpaWlpaWlpaWlpaWlpaWlpaWlpaWlpaWlpaWlpaWlpaWlpaWlpaWlpaWlpaWlpaWlpaWlpaWlpaWlpaWlpaWlpaWlpaWlpaWlpaWlpaWlpaWlpaWlpaWlpaWlpaWlpaWlpaWlpaWlpaWnpFwODAQB7gWIzIgAAAABJRU5ErkJggg==\" data-src=\"https:\/\/www.historia.dziadkowice.pl\/wp-content\/uploads\/2024\/01\/zmniejszone-je-307x410.jpg\" alt=\"\" width=\"307\" height=\"410\" data-srcset=\"https:\/\/www.historia.dziadkowice.pl\/wp-content\/uploads\/2024\/01\/zmniejszone-je-307x410.jpg 307w, https:\/\/www.historia.dziadkowice.pl\/wp-content\/uploads\/2024\/01\/zmniejszone-je-547x730.jpg 547w, https:\/\/www.historia.dziadkowice.pl\/wp-content\/uploads\/2024\/01\/zmniejszone-je-768x1024.jpg 768w, https:\/\/www.historia.dziadkowice.pl\/wp-content\/uploads\/2024\/01\/zmniejszone-je-636x848.jpg 636w, https:\/\/www.historia.dziadkowice.pl\/wp-content\/uploads\/2024\/01\/zmniejszone-je-600x800.jpg 600w, https:\/\/www.historia.dziadkowice.pl\/wp-content\/uploads\/2024\/01\/zmniejszone-je-90x120.jpg 90w, https:\/\/www.historia.dziadkowice.pl\/wp-content\/uploads\/2024\/01\/zmniejszone-je-110x147.jpg 110w, https:\/\/www.historia.dziadkowice.pl\/wp-content\/uploads\/2024\/01\/zmniejszone-je-320x427.jpg 320w, https:\/\/www.historia.dziadkowice.pl\/wp-content\/uploads\/2024\/01\/zmniejszone-je-560x747.jpg 560w, https:\/\/www.historia.dziadkowice.pl\/wp-content\/uploads\/2024\/01\/zmniejszone-je-782x1043.jpg 782w, https:\/\/www.historia.dziadkowice.pl\/wp-content\/uploads\/2024\/01\/zmniejszone-je-rotated.jpg 800w\" data-sizes=\"(max-width: 307px) 100vw, 307px\" \/><noscript><img decoding=\"async\" class=\"alignleft wp-image-9494 size-medium\" src=\"https:\/\/www.historia.dziadkowice.pl\/wp-content\/uploads\/2024\/01\/zmniejszone-je-307x410.jpg\" alt=\"\" width=\"307\" height=\"410\" srcset=\"https:\/\/www.historia.dziadkowice.pl\/wp-content\/uploads\/2024\/01\/zmniejszone-je-307x410.jpg 307w, https:\/\/www.historia.dziadkowice.pl\/wp-content\/uploads\/2024\/01\/zmniejszone-je-547x730.jpg 547w, https:\/\/www.historia.dziadkowice.pl\/wp-content\/uploads\/2024\/01\/zmniejszone-je-768x1024.jpg 768w, https:\/\/www.historia.dziadkowice.pl\/wp-content\/uploads\/2024\/01\/zmniejszone-je-636x848.jpg 636w, https:\/\/www.historia.dziadkowice.pl\/wp-content\/uploads\/2024\/01\/zmniejszone-je-600x800.jpg 600w, https:\/\/www.historia.dziadkowice.pl\/wp-content\/uploads\/2024\/01\/zmniejszone-je-90x120.jpg 90w, https:\/\/www.historia.dziadkowice.pl\/wp-content\/uploads\/2024\/01\/zmniejszone-je-110x147.jpg 110w, https:\/\/www.historia.dziadkowice.pl\/wp-content\/uploads\/2024\/01\/zmniejszone-je-320x427.jpg 320w, https:\/\/www.historia.dziadkowice.pl\/wp-content\/uploads\/2024\/01\/zmniejszone-je-560x747.jpg 560w, https:\/\/www.historia.dziadkowice.pl\/wp-content\/uploads\/2024\/01\/zmniejszone-je-782x1043.jpg 782w, https:\/\/www.historia.dziadkowice.pl\/wp-content\/uploads\/2024\/01\/zmniejszone-je-rotated.jpg 800w\" sizes=\"(max-width: 307px) 100vw, 307px\" \/><\/noscript><\/p>\n<p><span style=\"color: var( --e-global-color-text ); font-family: var( --e-global-typography-text-font-family ), Sans-serif; font-weight: var( --e-global-typography-text-font-weight ); text-align: var(--text-align);\">W okresie wr<\/span><span style=\"color: var( --e-global-color-text ); font-family: var( --e-global-typography-text-font-family ), Sans-serif; font-weight: var( --e-global-typography-text-font-weight ); text-align: var(--text-align);\">zesie\u0144- pa\u017adziern<\/span><span style=\"color: var( --e-global-color-text ); font-family: var( --e-global-typography-text-font-family ), Sans-serif; font-weight: var( --e-global-typography-text-font-weight ); text-align: var(--text-align);\">ik odby\u0142y mi\u0119dzypokolenio<\/span><span style=\"color: var( --e-global-color-text ); font-family: var( --e-global-typography-text-font-family ), Sans-serif; font-weight: var( --e-global-typography-text-font-weight ); text-align: var(--text-align);\">we warsztaty r\u0119kodzie\u0142a prowadzone przez instruktora plastyki dla 20-osobowej grupy mieszka\u0144c\u00f3w. Cz\u0119\u015b\u0107 zdj\u0119\u0107 z cyfrowego archiwum pos\u0142u\u017cy\u0142o im do pracy w technice decoupage. Uczestnicy wykonali te\u017c du\u017cy kola\u017c ze zdj\u0119\u0107. Z zasob\u00f3w zgromadzonych przez wolontariuszy zosta\u0142a wykonana plenerowa wystawa zdj\u0119\u0107 (tablice ze zdj\u0119ciami i opisami), a jej ekspozycja znajduj\u0119 si\u0119 przed budynkiem LCASK .<\/span><\/p>\n<p><span style=\"color: var( --e-global-color-text ); font-family: var( --e-global-typography-text-font-family ), Sans-serif; font-weight: var( --e-global-typography-text-font-weight ); text-align: var(--text-align);\">\u00a0 \u00a0 \u00a0W oparciu o wywiady, zdj\u0119cia, materia\u0142y zosta\u0142 opracowany scenariusz i zmontowana oko\u0142o godzinna dokumentacja audio-wideo z dzia\u0142a\u0144 projektowych, kt\u00f3ra by\u0142a zarazem podsumowaniem efekt\u00f3w projektu. Strona internetowa r\u00f3wnie\u017c powsta\u0142a w ramach projektu ,,Moja Babcia Patriotka\u2019\u2019.\u00a0<\/span><\/p>\n<p><span style=\"color: var( --e-global-color-text ); font-family: var( --e-global-typography-text-font-family ), Sans-serif; font-weight: var( --e-global-typography-text-font-weight ); text-align: var(--text-align);\">\u00a0 \u00a0 \u00a0 \u00a0 \u00a0Wie\u0144cz\u0105cym elementem projektu by\u0142o spotkanie pt. \u201eWiecz\u00f3r Wspomnie\u0144\u201d. Na spotkaniu by\u0142o ponad 60 os\u00f3b, uczestnicy zobaczyli film , prace plastyczne kt\u00f3re powsta\u0142y na zaj\u0119ciach r\u0119kodzielniczych i warsztatach plenerowych. Mieszka\u0144cy mieli okazj\u0119 porozmawia\u0107 o tematach poruszanych w wywiadach, powymienia\u0107 si\u0119 do\u015bwiadczeniami, podzieli\u0107 historiami z przesz\u0142o\u015bci. By\u0142 to punkt wyj\u015bcia dla wolontariuszy do zbierania kolejnych materia\u0142\u00f3w i opowie\u015bci, ju\u017c po zako\u0144czeniu projektu.<\/span><\/p>\n<p><\/p>\t\t\t\t\t\t\t\t<\/div>\n\t\t\t\t<\/div>\n\t\t\t\t\t<\/div>\n\t\t\t\t<\/div>\n\t\t<div class=\"elementor-element elementor-element-0515c61 e-flex e-con-boxed e-con e-parent\" data-id=\"0515c61\" data-element_type=\"container\" data-settings=\"{&quot;buzzblog_ext_is_background_parallax&quot;:&quot;false&quot;}\">\n\t\t\t\t\t<div class=\"e-con-inner\">\n\t\t\t\t<div class=\"elementor-element elementor-element-594cbe4 elementor-widget elementor-widget-buzzblog-gallery-justified\" data-id=\"594cbe4\" data-element_type=\"widget\" data-widget_type=\"buzzblog-gallery-justified.default\">\n\t\t\t\t<div class=\"elementor-widget-container\">\n\t\t\t\t\t<div class=\"gallery_justified_content_wrapper do_justified justified-gallery\" data-row_height=\"150\" data-margin=\"5\" data-justify_last_row=\"yes\">\n\t\t<div class=\"entry gallery_justified_item\">\n\t\t\t\t\t\t\t<a class=\"buzzblog_gallery_lightbox\" href=\"https:\/\/www.historia.dziadkowice.pl\/wp-content\/uploads\/2024\/01\/zmniejszone-je-rotated.jpg\" data-thumb=\"https:\/\/www.historia.dziadkowice.pl\/wp-content\/uploads\/2024\/01\/zmniejszone-je-307x410.jpg\" data-rel=\"buzzblog_gallery594cbe4\"  >\n\t\t\t\t\t\t\t<img decoding=\"async\" src=\"data:image\/png;base64,iVBORw0KGgoAAAANSUhEUgAAAHoAAAB6CAQAAADaUI9vAAAAi0lEQVR42u3PAQEAAAABIP6fNkQ9qDlUaWlpaWlpaWlpaWlpaWlpaWlpaWlpaWlpaWlpaWlpaWlpaWlpaWlpaWlpaWlpaWlpaWlpaWlpaWlpaWlpaWlpaWlpaWlpaWlpaWlpaWlpaWlpaWlpaWlpaWlpaWlpaWlpaWlpaWlpaWlpaWlpaWlpaWnpFwODAQB7gWIzIgAAAABJRU5ErkJggg==\" data-src=\"https:\/\/www.historia.dziadkowice.pl\/wp-content\/uploads\/2024\/01\/zmniejszone-je-768x1024.jpg\" class=\"\" alt=\"\" \/><noscript><img decoding=\"async\" src=\"https:\/\/www.historia.dziadkowice.pl\/wp-content\/uploads\/2024\/01\/zmniejszone-je-768x1024.jpg\" class=\"\" alt=\"\" \/><\/noscript>\n\t\t\t\t\t\t\t<\/a>\n\t\t\t\t\t<\/div>\n\t\t<div class=\"entry gallery_justified_item\">\n\t\t\t\t\t\t\t<a class=\"buzzblog_gallery_lightbox\" href=\"https:\/\/www.historia.dziadkowice.pl\/wp-content\/uploads\/2024\/01\/Wolontariusze-.jpg\" data-thumb=\"https:\/\/www.historia.dziadkowice.pl\/wp-content\/uploads\/2024\/01\/Wolontariusze--570x380.jpg\" data-rel=\"buzzblog_gallery594cbe4\" data-title=\"Zdj\u0119cie przedstawia wolontariuszy zaanga\u017cowanych w dzia\u0142ania projektowe\" >\n\t\t\t\t\t\t\t<img decoding=\"async\" src=\"data:image\/png;base64,iVBORw0KGgoAAAANSUhEUgAAAHoAAAB6CAQAAADaUI9vAAAAi0lEQVR42u3PAQEAAAABIP6fNkQ9qDlUaWlpaWlpaWlpaWlpaWlpaWlpaWlpaWlpaWlpaWlpaWlpaWlpaWlpaWlpaWlpaWlpaWlpaWlpaWlpaWlpaWlpaWlpaWlpaWlpaWlpaWlpaWlpaWlpaWlpaWlpaWlpaWlpaWlpaWlpaWlpaWlpaWlpaWnpFwODAQB7gWIzIgAAAABJRU5ErkJggg==\" data-src=\"https:\/\/www.historia.dziadkowice.pl\/wp-content\/uploads\/2024\/01\/Wolontariusze--768x513.jpg\" class=\"\" alt=\"\" \/><noscript><img decoding=\"async\" src=\"https:\/\/www.historia.dziadkowice.pl\/wp-content\/uploads\/2024\/01\/Wolontariusze--768x513.jpg\" class=\"\" alt=\"\" \/><\/noscript>\n\t\t\t\t\t\t\t<\/a>\n\t\t\t\t\t<\/div>\n\t\t<div class=\"entry gallery_justified_item\">\n\t\t\t\t\t\t\t<a class=\"buzzblog_gallery_lightbox\" href=\"https:\/\/www.historia.dziadkowice.pl\/wp-content\/uploads\/2024\/01\/Budynek-LCASK-2014r.jpg\" data-thumb=\"https:\/\/www.historia.dziadkowice.pl\/wp-content\/uploads\/2024\/01\/Budynek-LCASK-2014r-547x410.jpg\" data-rel=\"buzzblog_gallery594cbe4\"  >\n\t\t\t\t\t\t\t<img decoding=\"async\" src=\"data:image\/png;base64,iVBORw0KGgoAAAANSUhEUgAAAHoAAAB6CAQAAADaUI9vAAAAi0lEQVR42u3PAQEAAAABIP6fNkQ9qDlUaWlpaWlpaWlpaWlpaWlpaWlpaWlpaWlpaWlpaWlpaWlpaWlpaWlpaWlpaWlpaWlpaWlpaWlpaWlpaWlpaWlpaWlpaWlpaWlpaWlpaWlpaWlpaWlpaWlpaWlpaWlpaWlpaWlpaWlpaWlpaWlpaWlpaWnpFwODAQB7gWIzIgAAAABJRU5ErkJggg==\" data-src=\"https:\/\/www.historia.dziadkowice.pl\/wp-content\/uploads\/2024\/01\/Budynek-LCASK-2014r-768x576.jpg\" class=\"\" alt=\"\" \/><noscript><img decoding=\"async\" src=\"https:\/\/www.historia.dziadkowice.pl\/wp-content\/uploads\/2024\/01\/Budynek-LCASK-2014r-768x576.jpg\" class=\"\" alt=\"\" \/><\/noscript>\n\t\t\t\t\t\t\t<\/a>\n\t\t\t\t\t<\/div>\n\t\t<div class=\"entry gallery_justified_item\">\n\t\t\t\t\t\t\t<a class=\"buzzblog_gallery_lightbox\" href=\"https:\/\/www.historia.dziadkowice.pl\/wp-content\/uploads\/2024\/01\/100_5247-zdjecia-1--rotated.jpg\" data-thumb=\"https:\/\/www.historia.dziadkowice.pl\/wp-content\/uploads\/2024\/01\/100_5247-zdjecia-1--307x410.jpg\" data-rel=\"buzzblog_gallery594cbe4\"  >\n\t\t\t\t\t\t\t<img decoding=\"async\" src=\"data:image\/png;base64,iVBORw0KGgoAAAANSUhEUgAAAHoAAAB6CAQAAADaUI9vAAAAi0lEQVR42u3PAQEAAAABIP6fNkQ9qDlUaWlpaWlpaWlpaWlpaWlpaWlpaWlpaWlpaWlpaWlpaWlpaWlpaWlpaWlpaWlpaWlpaWlpaWlpaWlpaWlpaWlpaWlpaWlpaWlpaWlpaWlpaWlpaWlpaWlpaWlpaWlpaWlpaWlpaWlpaWlpaWlpaWlpaWnpFwODAQB7gWIzIgAAAABJRU5ErkJggg==\" data-src=\"https:\/\/www.historia.dziadkowice.pl\/wp-content\/uploads\/2024\/01\/100_5247-zdjecia-1--768x1024.jpg\" class=\"\" alt=\"\" \/><noscript><img decoding=\"async\" src=\"https:\/\/www.historia.dziadkowice.pl\/wp-content\/uploads\/2024\/01\/100_5247-zdjecia-1--768x1024.jpg\" class=\"\" alt=\"\" \/><\/noscript>\n\t\t\t\t\t\t\t<\/a>\n\t\t\t\t\t<\/div>\n<br class=\"clear\"\/>\n<\/div>\n\t\t\t\t<\/div>\n\t\t\t\t<\/div>\n\t\t\t\t\t<\/div>\n\t\t\t\t<\/div>\n\t\t\t\t<\/div>\n\t\t","protected":false},"excerpt":{"rendered":"<p>Projekt ,,Moja Babcia Ptariotka trwa\u0142 7 miesi\u0119cy od maja do listopada 2023r. Dzia\u0142ania projektowe realizowali\u015bmy na&#8230;<\/p>","protected":false},"author":1,"featured_media":9207,"parent":0,"menu_order":0,"comment_status":"closed","ping_status":"closed","template":"","meta":{"footnotes":""},"categories":[],"tags":[],"_links":{"self":[{"href":"https:\/\/www.historia.dziadkowice.pl\/index.php?rest_route=\/wp\/v2\/pages\/9200"}],"collection":[{"href":"https:\/\/www.historia.dziadkowice.pl\/index.php?rest_route=\/wp\/v2\/pages"}],"about":[{"href":"https:\/\/www.historia.dziadkowice.pl\/index.php?rest_route=\/wp\/v2\/types\/page"}],"author":[{"embeddable":true,"href":"https:\/\/www.historia.dziadkowice.pl\/index.php?rest_route=\/wp\/v2\/users\/1"}],"replies":[{"embeddable":true,"href":"https:\/\/www.historia.dziadkowice.pl\/index.php?rest_route=%2Fwp%2Fv2%2Fcomments&post=9200"}],"version-history":[{"count":23,"href":"https:\/\/www.historia.dziadkowice.pl\/index.php?rest_route=\/wp\/v2\/pages\/9200\/revisions"}],"predecessor-version":[{"id":9518,"href":"https:\/\/www.historia.dziadkowice.pl\/index.php?rest_route=\/wp\/v2\/pages\/9200\/revisions\/9518"}],"wp:featuredmedia":[{"embeddable":true,"href":"https:\/\/www.historia.dziadkowice.pl\/index.php?rest_route=\/wp\/v2\/media\/9207"}],"wp:attachment":[{"href":"https:\/\/www.historia.dziadkowice.pl\/index.php?rest_route=%2Fwp%2Fv2%2Fmedia&parent=9200"}],"wp:term":[{"taxonomy":"category","embeddable":true,"href":"https:\/\/www.historia.dziadkowice.pl\/index.php?rest_route=%2Fwp%2Fv2%2Fcategories&post=9200"},{"taxonomy":"post_tag","embeddable":true,"href":"https:\/\/www.historia.dziadkowice.pl\/index.php?rest_route=%2Fwp%2Fv2%2Ftags&post=9200"}],"curies":[{"name":"wp","href":"https:\/\/api.w.org\/{rel}","templated":true}]}}