{"id":9276,"date":"2023-11-25T16:15:12","date_gmt":"2023-11-25T16:15:12","guid":{"rendered":"https:\/\/www.dziadkowice.centrumnawschodzie.pl\/?page_id=9276"},"modified":"2024-01-04T11:24:17","modified_gmt":"2024-01-04T11:24:17","slug":"o-gminie","status":"publish","type":"page","link":"https:\/\/www.historia.dziadkowice.pl\/?page_id=9276","title":{"rendered":"O gminie"},"content":{"rendered":"\n<p>Gmina Dziadkowice Gmina wiejska w Polsce po\u0142o\u017cona w wojew\u00f3dztwie podlaskim, w powiecie siemiatyckim. W latach 1975\u20131998 gmina administracyjnie nale\u017ca\u0142a do wojew\u00f3dztwa bia\u0142ostockiego. Siedziba gminy to Dziadkowice.Liczy oko\u0142o 2 800 mieszka\u0144c\u00f3w. Zajmuje obszar 115km kwadratowych (jest jedn\u0105 z mniejszych gmin powiatu siemiatyckiego), w tym 61 procent to u\u017cytki rolne, a 33 procent le\u015bne. Gmina ma typowo rolniczy charakter, oraz du\u017cy obszar kompleks\u00f3w le\u015bnych. <\/p>\n\n\n\n<p>Na uwag\u0119 zas\u0142uguj\u0105: <br>\u2022 Ko\u015bci\u00f3\u0142 parafialny pw. \u015awi\u0119tej Tr\u00f3jcy w Dziadkowicach: <br>\u2022 Kaplica \u00a0cmentarna w Dziadkowicach; <br>\u2022 Ko\u015bci\u00f3\u0142 parafialny pw. Matki Boskiej Bolesnej w Osmoli; <br>\u2022 Cerkiew Prawos\u0142awna, filialna, cmentarna, pw. \u015bw. Micha\u0142a w \u017burobicach; <br>\u2022 Ko\u015bci\u00f3\u0142 parafialny pw. \u015awi\u0119tych Aposto\u0142\u00f3w Piotra i Paw\u0142a w Do\u0142ubowie; <br>\u2022 Nagrobek Wiktorii i Ludwika Pie\u0144kowskich w Do\u0142ubowie; <br>\u2022 Drewniany Dw\u00f3r z parkiem dworskim z XIX wieku w Do\u0142ubowie.<\/p>\n","protected":false},"excerpt":{"rendered":"<p>Gmina Dziadkowice Gmina wiejska w Polsce po\u0142o\u017cona w wojew\u00f3dztwie podlaskim, w powiecie siemiatyckim. W latach 1975\u20131998&#8230;<\/p>","protected":false},"author":1,"featured_media":9281,"parent":0,"menu_order":0,"comment_status":"closed","ping_status":"closed","template":"","meta":{"footnotes":""},"categories":[],"tags":[],"_links":{"self":[{"href":"https:\/\/www.historia.dziadkowice.pl\/index.php?rest_route=\/wp\/v2\/pages\/9276"}],"collection":[{"href":"https:\/\/www.historia.dziadkowice.pl\/index.php?rest_route=\/wp\/v2\/pages"}],"about":[{"href":"https:\/\/www.historia.dziadkowice.pl\/index.php?rest_route=\/wp\/v2\/types\/page"}],"author":[{"embeddable":true,"href":"https:\/\/www.historia.dziadkowice.pl\/index.php?rest_route=\/wp\/v2\/users\/1"}],"replies":[{"embeddable":true,"href":"https:\/\/www.historia.dziadkowice.pl\/index.php?rest_route=%2Fwp%2Fv2%2Fcomments&post=9276"}],"version-history":[{"count":3,"href":"https:\/\/www.historia.dziadkowice.pl\/index.php?rest_route=\/wp\/v2\/pages\/9276\/revisions"}],"predecessor-version":[{"id":9465,"href":"https:\/\/www.historia.dziadkowice.pl\/index.php?rest_route=\/wp\/v2\/pages\/9276\/revisions\/9465"}],"wp:featuredmedia":[{"embeddable":true,"href":"https:\/\/www.historia.dziadkowice.pl\/index.php?rest_route=\/wp\/v2\/media\/9281"}],"wp:attachment":[{"href":"https:\/\/www.historia.dziadkowice.pl\/index.php?rest_route=%2Fwp%2Fv2%2Fmedia&parent=9276"}],"wp:term":[{"taxonomy":"category","embeddable":true,"href":"https:\/\/www.historia.dziadkowice.pl\/index.php?rest_route=%2Fwp%2Fv2%2Fcategories&post=9276"},{"taxonomy":"post_tag","embeddable":true,"href":"https:\/\/www.historia.dziadkowice.pl\/index.php?rest_route=%2Fwp%2Fv2%2Ftags&post=9276"}],"curies":[{"name":"wp","href":"https:\/\/api.w.org\/{rel}","templated":true}]}}