{"id":9292,"date":"2023-11-25T16:41:15","date_gmt":"2023-11-25T16:41:15","guid":{"rendered":"https:\/\/www.dziadkowice.centrumnawschodzie.pl\/?page_id=9292"},"modified":"2024-01-04T11:17:23","modified_gmt":"2024-01-04T11:17:23","slug":"lcask","status":"publish","type":"page","link":"https:\/\/www.historia.dziadkowice.pl\/?page_id=9292","title":{"rendered":"LCASK"},"content":{"rendered":"<p>Lokalne Centrum Aktywno\u015bci Spo\u0142eczno-Kulturalnej w Dziadkowicach (LCASK) jest samorz\u0105dow\u0105 instytucj\u0105 kultury.<\/p>\n<p>Dzia\u0142a w oparciu o Ustaw\u0119 z dnia 25.10.1991 r. o organizowaniu i prowadzeniu dzia\u0142alno\u015bci kulturalnej, oraz Statutu nadanego 29.03.2022 r. Uchwa\u0142\u0105 nr XXII\/192\/22 Rady Gminy Dziadkowice.<\/p>\n<p>Misj\u0105 LCASK jest organizowanie czynnego uczestnictwa mieszka\u0144c\u00f3w gminy w r\u00f3\u017cnorodnych formach dzia\u0142alno\u015bci kulturalno-wychowawczej i rozrywkowej. LCASK powsta\u0142o w marcu 2022r. w miejsce dawnego GOK, przy czym ma nowe, du\u017co szersze zadania, odnowiony budynek i otoczenie. Si\u0142a naszej instytucji opiera si\u0119 na wykwalifikowanej kadrze i sieci dobrej wsp\u00f3\u0142pracy z lokalnymi organizacjami i instytucjami.<\/p>\n<p>W budynku mie\u015bci si\u0119 Gminna Biblioteka Publiczna, kt\u00f3ra jest sta\u0142ym partnerem w wsp\u00f3lnych dzia\u0142aniach.<\/p>\n<style>\/*! elementor - v3.18.0 - 20-12-2023 *\/\n.elementor-widget-divider{--divider-border-style:none;--divider-border-width:1px;--divider-color:#0c0d0e;--divider-icon-size:20px;--divider-element-spacing:10px;--divider-pattern-height:24px;--divider-pattern-size:20px;--divider-pattern-url:none;--divider-pattern-repeat:repeat-x}.elementor-widget-divider .elementor-divider{display:flex}.elementor-widget-divider .elementor-divider__text{font-size:15px;line-height:1;max-width:95%}.elementor-widget-divider .elementor-divider__element{margin:0 var(--divider-element-spacing);flex-shrink:0}.elementor-widget-divider .elementor-icon{font-size:var(--divider-icon-size)}.elementor-widget-divider .elementor-divider-separator{display:flex;margin:0;direction:ltr}.elementor-widget-divider--view-line_icon .elementor-divider-separator,.elementor-widget-divider--view-line_text .elementor-divider-separator{align-items:center}.elementor-widget-divider--view-line_icon .elementor-divider-separator:after,.elementor-widget-divider--view-line_icon .elementor-divider-separator:before,.elementor-widget-divider--view-line_text .elementor-divider-separator:after,.elementor-widget-divider--view-line_text .elementor-divider-separator:before{display:block;content:\"\";border-bottom:0;flex-grow:1;border-top:var(--divider-border-width) var(--divider-border-style) var(--divider-color)}.elementor-widget-divider--element-align-left .elementor-divider .elementor-divider-separator>.elementor-divider__svg:first-of-type{flex-grow:0;flex-shrink:100}.elementor-widget-divider--element-align-left .elementor-divider-separator:before{content:none}.elementor-widget-divider--element-align-left .elementor-divider__element{margin-left:0}.elementor-widget-divider--element-align-right .elementor-divider .elementor-divider-separator>.elementor-divider__svg:last-of-type{flex-grow:0;flex-shrink:100}.elementor-widget-divider--element-align-right .elementor-divider-separator:after{content:none}.elementor-widget-divider--element-align-right .elementor-divider__element{margin-right:0}.elementor-widget-divider:not(.elementor-widget-divider--view-line_text):not(.elementor-widget-divider--view-line_icon) .elementor-divider-separator{border-top:var(--divider-border-width) var(--divider-border-style) var(--divider-color)}.elementor-widget-divider--separator-type-pattern{--divider-border-style:none}.elementor-widget-divider--separator-type-pattern.elementor-widget-divider--view-line .elementor-divider-separator,.elementor-widget-divider--separator-type-pattern:not(.elementor-widget-divider--view-line) .elementor-divider-separator:after,.elementor-widget-divider--separator-type-pattern:not(.elementor-widget-divider--view-line) .elementor-divider-separator:before,.elementor-widget-divider--separator-type-pattern:not([class*=elementor-widget-divider--view]) .elementor-divider-separator{width:100%;min-height:var(--divider-pattern-height);-webkit-mask-size:var(--divider-pattern-size) 100%;mask-size:var(--divider-pattern-size) 100%;-webkit-mask-repeat:var(--divider-pattern-repeat);mask-repeat:var(--divider-pattern-repeat);background-color:var(--divider-color);-webkit-mask-image:var(--divider-pattern-url);mask-image:var(--divider-pattern-url)}.elementor-widget-divider--no-spacing{--divider-pattern-size:auto}.elementor-widget-divider--bg-round{--divider-pattern-repeat:round}.rtl .elementor-widget-divider .elementor-divider__text{direction:rtl}.e-con-inner>.elementor-widget-divider,.e-con>.elementor-widget-divider{width:var(--container-widget-width,100%);--flex-grow:var(--container-widget-flex-grow)}<\/style>\n<style>\/*! elementor - v3.18.0 - 20-12-2023 *\/\n.elementor-widget-image{text-align:center}.elementor-widget-image a{display:inline-block}.elementor-widget-image a img[src$=\".svg\"]{width:48px}.elementor-widget-image img{vertical-align:middle;display:inline-block}<\/style>\n<p>\t\t\t\t\t\t\t\t\t\t\t\t<img fetchpriority=\"high\" decoding=\"async\" width=\"800\" height=\"600\" src=\"https:\/\/www.historia.dziadkowice.pl\/wp-content\/uploads\/2024\/01\/Budynek-LCASK-2014r.jpg\" alt=\"\" srcset=\"https:\/\/www.historia.dziadkowice.pl\/wp-content\/uploads\/2024\/01\/Budynek-LCASK-2014r.jpg 800w, https:\/\/www.historia.dziadkowice.pl\/wp-content\/uploads\/2024\/01\/Budynek-LCASK-2014r-547x410.jpg 547w, https:\/\/www.historia.dziadkowice.pl\/wp-content\/uploads\/2024\/01\/Budynek-LCASK-2014r-768x576.jpg 768w, https:\/\/www.historia.dziadkowice.pl\/wp-content\/uploads\/2024\/01\/Budynek-LCASK-2014r-636x477.jpg 636w, https:\/\/www.historia.dziadkowice.pl\/wp-content\/uploads\/2024\/01\/Budynek-LCASK-2014r-600x450.jpg 600w, https:\/\/www.historia.dziadkowice.pl\/wp-content\/uploads\/2024\/01\/Budynek-LCASK-2014r-90x68.jpg 90w, https:\/\/www.historia.dziadkowice.pl\/wp-content\/uploads\/2024\/01\/Budynek-LCASK-2014r-110x83.jpg 110w, https:\/\/www.historia.dziadkowice.pl\/wp-content\/uploads\/2024\/01\/Budynek-LCASK-2014r-320x240.jpg 320w, https:\/\/www.historia.dziadkowice.pl\/wp-content\/uploads\/2024\/01\/Budynek-LCASK-2014r-560x420.jpg 560w, https:\/\/www.historia.dziadkowice.pl\/wp-content\/uploads\/2024\/01\/Budynek-LCASK-2014r-782x587.jpg 782w\" sizes=\"(max-width: 800px) 100vw, 800px\" \/><\/p>\n","protected":false},"excerpt":{"rendered":"<p>Lokalne Centrum Aktywno\u015bci Spo\u0142eczno-Kulturalnej w Dziadkowicach (LCASK) jest samorz\u0105dow\u0105 instytucj\u0105 kultury. Dzia\u0142a w oparciu o Ustaw\u0119&#8230;<\/p>","protected":false},"author":1,"featured_media":9295,"parent":0,"menu_order":0,"comment_status":"closed","ping_status":"closed","template":"","meta":{"footnotes":""},"categories":[],"tags":[],"_links":{"self":[{"href":"https:\/\/www.historia.dziadkowice.pl\/index.php?rest_route=\/wp\/v2\/pages\/9292"}],"collection":[{"href":"https:\/\/www.historia.dziadkowice.pl\/index.php?rest_route=\/wp\/v2\/pages"}],"about":[{"href":"https:\/\/www.historia.dziadkowice.pl\/index.php?rest_route=\/wp\/v2\/types\/page"}],"author":[{"embeddable":true,"href":"https:\/\/www.historia.dziadkowice.pl\/index.php?rest_route=\/wp\/v2\/users\/1"}],"replies":[{"embeddable":true,"href":"https:\/\/www.historia.dziadkowice.pl\/index.php?rest_route=%2Fwp%2Fv2%2Fcomments&post=9292"}],"version-history":[{"count":9,"href":"https:\/\/www.historia.dziadkowice.pl\/index.php?rest_route=\/wp\/v2\/pages\/9292\/revisions"}],"predecessor-version":[{"id":9490,"href":"https:\/\/www.historia.dziadkowice.pl\/index.php?rest_route=\/wp\/v2\/pages\/9292\/revisions\/9490"}],"wp:featuredmedia":[{"embeddable":true,"href":"https:\/\/www.historia.dziadkowice.pl\/index.php?rest_route=\/wp\/v2\/media\/9295"}],"wp:attachment":[{"href":"https:\/\/www.historia.dziadkowice.pl\/index.php?rest_route=%2Fwp%2Fv2%2Fmedia&parent=9292"}],"wp:term":[{"taxonomy":"category","embeddable":true,"href":"https:\/\/www.historia.dziadkowice.pl\/index.php?rest_route=%2Fwp%2Fv2%2Fcategories&post=9292"},{"taxonomy":"post_tag","embeddable":true,"href":"https:\/\/www.historia.dziadkowice.pl\/index.php?rest_route=%2Fwp%2Fv2%2Ftags&post=9292"}],"curies":[{"name":"wp","href":"https:\/\/api.w.org\/{rel}","templated":true}]}}